{"id":10891,"date":"2020-09-08T08:21:22","date_gmt":"2020-09-08T07:21:22","guid":{"rendered":"https:\/\/gearcentralen.dk\/agencies\/boston-gear\/"},"modified":"2023-11-06T15:16:46","modified_gmt":"2023-11-06T14:16:46","slug":"boston-gear","status":"publish","type":"page","link":"https:\/\/gearcentralen.dk\/en\/suppliers\/boston-gear\/","title":{"rendered":"Boston Gear"},"content":{"rendered":"<p>[et_pb_section fb_built=&#8221;1&#8243; fullwidth=&#8221;on&#8221; admin_label=&#8221;Page Header&#8221; _builder_version=&#8221;4.21.0&#8243; background_color=&#8221;rgba(0,0,0,0)&#8221; background_image=&#8221;https:\/\/gearcentralen.dk\/wp-content\/uploads\/2023\/06\/Boston-gear-logo-1.png&#8221; background_size=&#8221;contain&#8221; custom_padding=&#8221;||10px|||&#8221; bottom_divider_style=&#8221;curve2&#8243; bottom_divider_color=&#8221;#8c8c8c&#8221; bottom_divider_height=&#8221;6px&#8221; global_colors_info=&#8221;{}&#8221;][et_pb_fullwidth_header text_orientation=&#8221;center&#8221; admin_label=&#8221;Hero Section&#8221; _builder_version=&#8221;4.16&#8243; title_font=&#8221;Montserrat|on|||&#8221; title_font_size=&#8221;60px&#8221; title_line_height=&#8221;1.4em&#8221; content_font_size=&#8221;22px&#8221; content_line_height=&#8221;1.8em&#8221; subhead_font=&#8221;||||&#8221; background_color=&#8221;rgba(255,255,255,0)&#8221; background_color_gradient_direction=&#8221;173deg&#8221; custom_button_one=&#8221;on&#8221; button_one_text_size=&#8221;16px&#8221; button_one_bg_color=&#8221;#6eba01&#8243; button_one_border_width=&#8221;2px&#8221; button_one_border_color=&#8221;#6eba01&#8243; button_one_border_radius=&#8221;0&#8243; button_one_letter_spacing=&#8221;2&#8243; button_one_font=&#8221;Montserrat|||on|&#8221; button_one_use_icon=&#8221;off&#8221; custom_button_two=&#8221;on&#8221; button_two_text_size=&#8221;16px&#8221; button_two_border_width=&#8221;2px&#8221; button_two_border_color=&#8221;#ffffff&#8221; button_two_border_radius=&#8221;0&#8243; button_two_letter_spacing=&#8221;2&#8243; button_two_font=&#8221;Montserrat|||on|&#8221; button_two_use_icon=&#8221;off&#8221; module_alignment=&#8221;left&#8221; min_height=&#8221;90px&#8221; custom_margin=&#8221;||-13px|||&#8221; custom_padding=&#8221;0px||0px|||&#8221; animation_style=&#8221;fade&#8221; button_one_text_color_hover=&#8221;#6eba01&#8243; button_two_text_color_hover=&#8221;#6eba01&#8243; button_one_border_color_hover=&#8221;#ffffff&#8221; button_two_border_color_hover=&#8221;#ffffff&#8221; button_one_border_radius_hover=&#8221;0&#8243; button_two_border_radius_hover=&#8221;0&#8243; button_one_letter_spacing_hover=&#8221;2&#8243; button_two_letter_spacing_hover=&#8221;2&#8243; button_one_bg_color_hover=&#8221;#ffffff&#8221; button_two_bg_color_hover=&#8221;#ffffff&#8221; global_colors_info=&#8221;{}&#8221; button_one_text_size__hover_enabled=&#8221;off&#8221; button_two_text_size__hover_enabled=&#8221;off&#8221; button_one_text_color__hover_enabled=&#8221;on&#8221; button_one_text_color__hover=&#8221;#6eba01&#8243; button_two_text_color__hover_enabled=&#8221;on&#8221; button_two_text_color__hover=&#8221;#6eba01&#8243; button_one_border_width__hover_enabled=&#8221;off&#8221; button_two_border_width__hover_enabled=&#8221;off&#8221; button_one_border_color__hover_enabled=&#8221;on&#8221; button_one_border_color__hover=&#8221;#ffffff&#8221; button_two_border_color__hover_enabled=&#8221;on&#8221; button_two_border_color__hover=&#8221;#ffffff&#8221; button_one_border_radius__hover_enabled=&#8221;on&#8221; button_one_border_radius__hover=&#8221;0&#8243; button_two_border_radius__hover_enabled=&#8221;on&#8221; button_two_border_radius__hover=&#8221;0&#8243; button_one_letter_spacing__hover_enabled=&#8221;on&#8221; button_one_letter_spacing__hover=&#8221;2&#8243; button_two_letter_spacing__hover_enabled=&#8221;on&#8221; button_two_letter_spacing__hover=&#8221;2&#8243; button_one_bg_color__hover_enabled=&#8221;on&#8221; button_one_bg_color__hover=&#8221;#ffffff&#8221; button_two_bg_color__hover_enabled=&#8221;on&#8221; button_two_bg_color__hover=&#8221;#ffffff&#8221;][\/et_pb_fullwidth_header][\/et_pb_section][et_pb_section fb_built=&#8221;1&#8243; admin_label=&#8221;Projects&#8221; _builder_version=&#8221;4.16&#8243; custom_margin=&#8221;26px|||||&#8221; custom_padding=&#8221;0px||5px|||&#8221; global_colors_info=&#8221;{}&#8221;][et_pb_row _builder_version=&#8221;4.16&#8243; background_size=&#8221;initial&#8221; background_position=&#8221;top_left&#8221; background_repeat=&#8221;repeat&#8221; width=&#8221;53.8%&#8221; min_height=&#8221;367px&#8221; custom_margin=&#8221;8px|auto||auto||&#8221; custom_padding=&#8221;9px|0px|0px|0px||&#8221; custom_width_px=&#8221;710px&#8221; global_colors_info=&#8221;{}&#8221;][et_pb_column type=&#8221;4_4&#8243; _builder_version=&#8221;4.16&#8243; background_position=&#8221;top_left&#8221; custom_padding=&#8221;|||&#8221; global_colors_info=&#8221;{}&#8221; custom_padding__hover=&#8221;|||&#8221;][et_pb_text _builder_version=&#8221;4.21.0&#8243; custom_margin=&#8221;-19px|||||&#8221; custom_padding=&#8221;10px||35px|||&#8221; hover_enabled=&#8221;0&#8243; global_colors_info=&#8221;{}&#8221; link_font_size__hover_enabled=&#8221;on|hover&#8221; link_font_size__hover=&#8221;15px&#8221; sticky_enabled=&#8221;0&#8243;]<\/p>\n<p><span style=\"color: #c00a27;\"><strong>Boston Gear<\/strong><\/span> er en af verdens f\u00f8rende leverand\u00f8rer inden for transmissionsl\u00f8sninger. Brandet er en del af Regal Rexnord der ogs\u00e5 omfatter <a href=\"https:\/\/gearcentralen.dk\/en\/suppliers\/portescap\/\">Portescap<\/a>, <a href=\"https:\/\/gearcentralen.dk\/en\/suppliers\/kollmorgen\/\">Kollmorgen<\/a> og <a href=\"https:\/\/gearcentralen.dk\/en\/suppliers\/thomson\/\">Thomson<\/a>. Produktsortimentet inkluderer <a href=\"https:\/\/gearcentralen.dk\/en\/gears\/\">geardrev<\/a>, <a href=\"https:\/\/gearcentralen.dk\/en\/motor-controllers\/\">motorstyringer<\/a>, <a href=\"https:\/\/gearcentralen.dk\/en\/products\/ac-motors\/\">AC motorer<\/a> og <a href=\"https:\/\/gearcentralen.dk\/en\/products\/dc-motors\/\">DC motorer<\/a>.<\/p>\n<p>Virksomheden leverer komponenter inden for hastighedstransmission til de fleste store industrielle markeder som eksempelvis forarbejdning af f\u00f8devarer, materialeh\u00e5ndtering, pakkemaskiner, emballeringsudstyr og mange andre.<\/p>\n<p>Produkterne er kendt for at have en h\u00f8j ydeevne, v\u00e6re ekstremt p\u00e5lidelige og langtidsholdbare.<\/p>\n<p>Virksomheden tilbyder desuden branchens mest omfattende produktsortiment med mere end 30.000 standardprodukter kombineret med muligheden for at skr\u00e6ddersy unikke l\u00f8sninger n\u00e5r det er n\u00f8dvendigt.<\/p>\n<p>Der anvendes de nyeste energieffektive gearingsteknologier for at im\u00f8dekomme de mest udfordrende kundekrav til transmission, samtidig med at levere de lavest mulige ejerskabsomkostninger.<\/p>\n<p>[\/et_pb_text][\/et_pb_column][\/et_pb_row][et_pb_row _builder_version=&#8221;4.16&#8243; custom_margin=&#8221;-164px|auto||auto||&#8221; custom_padding=&#8221;0px|||||&#8221; global_colors_info=&#8221;{}&#8221;][et_pb_column type=&#8221;4_4&#8243; _builder_version=&#8221;4.16&#8243; global_colors_info=&#8221;{}&#8221;][et_pb_text _builder_version=&#8221;4.16&#8243; header_font_size=&#8221;22px&#8221; min_height=&#8221;16px&#8221; custom_margin=&#8221;-5px|||||&#8221; custom_padding=&#8221;0px||26px|||&#8221; global_colors_info=&#8221;{}&#8221;]<\/p>\n<h1 style=\"text-align: center;\"><strong>Product range from Boston Gear<\/strong><\/h1>\n<p>[\/et_pb_text][\/et_pb_column][\/et_pb_row][et_pb_row _builder_version=&#8221;4.16&#8243; custom_margin=&#8221;-56px|auto||auto||&#8221; global_colors_info=&#8221;{}&#8221;][et_pb_column type=&#8221;4_4&#8243; _builder_version=&#8221;4.16&#8243; global_colors_info=&#8221;{}&#8221;][et_pb_text _builder_version=&#8221;4.16&#8243; custom_margin=&#8221;-15px|||||&#8221; custom_padding=&#8221;0px|||||&#8221; border_width_bottom=&#8221;1px&#8221; global_colors_info=&#8221;{}&#8221;]<\/p>\n<h2 style=\"text-align: center;\">Gear<\/h2>\n<p>[\/et_pb_text][\/et_pb_column][\/et_pb_row][et_pb_row column_structure=&#8221;1_4,1_4,1_4,1_4&#8243; _builder_version=&#8221;4.16&#8243; custom_padding=&#8221;0px|||||&#8221; global_colors_info=&#8221;{}&#8221;][et_pb_column type=&#8221;1_4&#8243; _builder_version=&#8221;4.16&#8243; global_colors_info=&#8221;{}&#8221; transform_styles__hover_enabled=&#8221;on|hover&#8221; transform_scale__hover_enabled=&#8221;on|hover&#8221; transform_translate__hover_enabled=&#8221;on|desktop&#8221; transform_rotate__hover_enabled=&#8221;on|desktop&#8221; transform_skew__hover_enabled=&#8221;on|desktop&#8221; transform_origin__hover_enabled=&#8221;on|desktop&#8221; transform_scale__hover=&#8221;107%|107%&#8221;][\/et_pb_column][et_pb_column type=&#8221;1_4&#8243; _builder_version=&#8221;4.16&#8243; link_option_url=&#8221;https:\/\/gearcentralen.dk\/en\/products\/planetary-gear\/&#8221; global_colors_info=&#8221;{}&#8221; transform_styles__hover_enabled=&#8221;on|hover&#8221; transform_scale__hover_enabled=&#8221;on|hover&#8221; transform_translate__hover_enabled=&#8221;on|desktop&#8221; transform_rotate__hover_enabled=&#8221;on|desktop&#8221; transform_skew__hover_enabled=&#8221;on|desktop&#8221; transform_origin__hover_enabled=&#8221;on|desktop&#8221; transform_scale__hover=&#8221;107%|107%&#8221;][et_pb_image alt=&#8221;Boston planetary gear&#8221; title_text=&#8221;Boston_Right_Angle&#8221; url=&#8221;https:\/\/gearcentralen.dk\/en\/products\/planetary-gear\/&#8221; _builder_version=&#8221;4.16&#8243; use_background_color_gradient=&#8221;on&#8221; background_color_gradient_stops=&#8221;rgba(150,150,150,0) 0%|rgba(175,175,175,0.28) 100%&#8221; background_color_gradient_overlays_image=&#8221;on&#8221; background_color_gradient_start=&#8221;rgba(150,150,150,0)&#8221; background_color_gradient_end=&#8221;rgba(175,175,175,0.28)&#8221; background_image=&#8221;https:\/\/gearcentralen.dk\/wp-content\/uploads\/2020\/09\/Boston_Right_Angle.jpg&#8221; module_alignment=&#8221;center&#8221; min_height=&#8221;19px&#8221; custom_margin=&#8221;||5px|||&#8221; custom_padding=&#8221;42px||89px|||&#8221; border_color_all=&#8221;rgba(0,0,0,0)&#8221; border_color_right=&#8221;#000000&#8243; locked=&#8221;off&#8221; global_colors_info=&#8221;{}&#8221;][\/et_pb_image][et_pb_text _builder_version=&#8221;4.16&#8243; _dynamic_attributes=&#8221;link_option_url&#8221; header_3_text_color=&#8221;#686868&#8243; header_3_font_size=&#8221;14px&#8221; min_height=&#8221;0px&#8221; custom_margin=&#8221;6px|||||&#8221; custom_padding=&#8221;1px||0px|1px||&#8221; link_option_url=&#8221;@ET-DC@eyJkeW5hbWljIjp0cnVlLCJjb250ZW50IjoicG9zdF9saW5rX3VybF9wYWdlIiwic2V0dGluZ3MiOnsicG9zdF9pZCI6IjM1OCJ9fQ==@&#8221; global_colors_info=&#8221;{}&#8221;]<\/p>\n<h3 style=\"text-align: center;\"><strong>PLANETARY GEAR<\/strong><\/h3>\n<p>[\/et_pb_text][\/et_pb_column][et_pb_column type=&#8221;1_4&#8243; _builder_version=&#8221;4.16&#8243; global_colors_info=&#8221;{}&#8221; transform_styles__hover_enabled=&#8221;on|hover&#8221; transform_scale__hover_enabled=&#8221;on|hover&#8221; transform_translate__hover_enabled=&#8221;on|desktop&#8221; transform_rotate__hover_enabled=&#8221;on|desktop&#8221; transform_skew__hover_enabled=&#8221;on|desktop&#8221; transform_origin__hover_enabled=&#8221;on|desktop&#8221; transform_scale__hover=&#8221;107%|107%&#8221;][\/et_pb_column][et_pb_column type=&#8221;1_4&#8243; _builder_version=&#8221;4.16&#8243; global_colors_info=&#8221;{}&#8221; transform_styles__hover_enabled=&#8221;on|hover&#8221; transform_scale__hover_enabled=&#8221;on|hover&#8221; transform_translate__hover_enabled=&#8221;on|desktop&#8221; transform_rotate__hover_enabled=&#8221;on|desktop&#8221; transform_skew__hover_enabled=&#8221;on|desktop&#8221; transform_origin__hover_enabled=&#8221;on|desktop&#8221; transform_scale__hover=&#8221;107%|107%&#8221;][\/et_pb_column][\/et_pb_row][\/et_pb_section][et_pb_section fb_built=&#8221;1&#8243; _builder_version=&#8221;4.16&#8243; _module_preset=&#8221;default&#8221; global_colors_info=&#8221;{}&#8221;][et_pb_row _builder_version=&#8221;4.16&#8243; _module_preset=&#8221;default&#8221; custom_margin=&#8221;15px|auto|150px|auto||&#8221; custom_padding=&#8221;0px|||||&#8221; global_colors_info=&#8221;{}&#8221;][et_pb_column type=&#8221;4_4&#8243; _builder_version=&#8221;4.16&#8243; _module_preset=&#8221;default&#8221; global_colors_info=&#8221;{}&#8221;][et_pb_toggle title=&#8221;Catalogs&#8221; open_toggle_text_color=&#8221;#FFFFFF&#8221; open_toggle_background_color=&#8221;#be0000&#8243; closed_toggle_text_color=&#8221;#FFFFFF&#8221; closed_toggle_background_color=&#8221;#be0000&#8243; icon_color=&#8221;#FFFFFF&#8221; open_icon_color=&#8221;#FFFFFF&#8221; _builder_version=&#8221;4.19.1&#8243; _module_preset=&#8221;default&#8221; title_text_color=&#8221;#FFFFFF&#8221; title_font=&#8221;|600|||||||&#8221; title_text_align=&#8221;center&#8221; title_font_size=&#8221;17px&#8221; body_text_color=&#8221;#FFFFFF&#8221; body_font_size=&#8221;15px&#8221; body_link_font=&#8221;||||on||||&#8221; body_link_text_color=&#8221;#FFFFFF&#8221; background_enable_color=&#8221;off&#8221; global_colors_info=&#8221;{}&#8221; closed_toggle_text_color__hover_enabled=&#8221;off|desktop&#8221;]<\/p>\n<p>&#8211; <a href=\"https:\/\/gearcentralen.dk\/wp-content\/uploads\/2022\/04\/Boston-Gear-Micron-TRUE-Planetary-Gearheads.pdf\" rel=\"attachment noopener wp-att-6941\" target=\"_blank\">Micron TRUE Planetary Gearheads<\/a><\/p>\n<p>&#8211; <a href=\"https:\/\/gearcentralen.dk\/wp-content\/uploads\/2022\/04\/Boston-Gear-Rotary-Drive-Products-Gears-Bearings-Couplings-and-Shaft-Accessories.pdf\" rel=\"attachment noopener wp-att-6942\" target=\"_blank\">Rotary Drive Products &#8211; Gears, Bearings, Couplings and Shaft Accessories<\/a><\/p>\n<p>&#8211; <a href=\"https:\/\/gearcentralen.dk\/wp-content\/uploads\/2022\/04\/Boston-Gear-Stainless-Steel-Power-Transmission-Products-Gear-Drives_MotorsGearmotors_BearingsCouplings.pdf\" rel=\"attachment noopener wp-att-6943\" target=\"_blank\">Stainless Steel Power Transmission Products<\/a><\/p>\n<p>&#8211; <a href=\"https:\/\/gearcentralen.dk\/wp-content\/uploads\/2022\/04\/Boston-Gear-Worm-Helical-and-Bevel-Gear-Drives.pdf\" rel=\"attachment noopener wp-att-6944\" target=\"_blank\">Worm, Helical and Bevel Gear Drives<\/a><\/p>\n<p>[\/et_pb_toggle][\/et_pb_column][\/et_pb_row][\/et_pb_section]<\/p>\n","protected":false},"excerpt":{"rendered":"<p>Boston Gear er en af verdens f\u00f8rende leverand\u00f8rer inden for transmissionsl\u00f8sninger. Brandet er en del af Regal Rexnord der ogs\u00e5 omfatter Portescap, Kollmorgen og Thomson. Produktsortimentet inkluderer geardrev, motorstyringer, AC motorer og DC motorer. Virksomheden leverer komponenter inden for hastighedstransmission til de fleste store industrielle markeder som eksempelvis forarbejdning af f\u00f8devarer, materialeh\u00e5ndtering, pakkemaskiner, emballeringsudstyr og [&hellip;]<\/p>\n","protected":false},"author":1,"featured_media":0,"parent":10713,"menu_order":0,"comment_status":"closed","ping_status":"closed","template":"","meta":{"_et_pb_use_builder":"on","_et_pb_old_content":"","_et_gb_content_width":"","_monsterinsights_skip_tracking":false,"_monsterinsights_sitenote_active":false,"_monsterinsights_sitenote_note":"","_monsterinsights_sitenote_category":0,"footnotes":""},"class_list":["post-10891","page","type-page","status-publish","hentry"],"yoast_head":"<!-- This site is optimized with the Yoast SEO plugin v26.4 - https:\/\/yoast.com\/wordpress\/plugins\/seo\/ -->\n<title>Boston Gear | GCM A\/S - Gearcentralen.dk<\/title>\n<meta name=\"description\" content=\"GCM A\/S is the distributor for Boston Gear, which offers one of the industry&#039;s most comprehensive product ranges within gear and transmission components.\" \/>\n<meta name=\"robots\" content=\"index, follow, max-snippet:-1, max-image-preview:large, max-video-preview:-1\" \/>\n<link rel=\"canonical\" href=\"https:\/\/gearcentralen.dk\/en\/suppliers\/boston-gear\/\" \/>\n<meta property=\"og:locale\" content=\"en_US\" \/>\n<meta property=\"og:type\" content=\"article\" \/>\n<meta property=\"og:title\" content=\"Boston Gear | GCM A\/S - Gearcentralen.dk\" \/>\n<meta property=\"og:description\" content=\"GCM A\/S is the distributor for Boston Gear, which offers one of the industry&#039;s most comprehensive product ranges within gear and transmission components.\" \/>\n<meta property=\"og:url\" content=\"https:\/\/gearcentralen.dk\/en\/suppliers\/boston-gear\/\" \/>\n<meta property=\"og:site_name\" content=\"GCM\" \/>\n<meta property=\"article:publisher\" content=\"https:\/\/www.facebook.com\/GCMGearcentralenMicmotor\" \/>\n<meta property=\"article:modified_time\" content=\"2023-11-06T14:16:46+00:00\" \/>\n<meta property=\"og:image\" content=\"https:\/\/gearcentralen.dk\/wp-content\/uploads\/2021\/09\/Udvikling_3.png\" \/>\n\t<meta property=\"og:image:width\" content=\"600\" \/>\n\t<meta property=\"og:image:height\" content=\"400\" \/>\n\t<meta property=\"og:image:type\" content=\"image\/png\" \/>\n<meta name=\"twitter:card\" content=\"summary_large_image\" \/>\n<meta name=\"twitter:label1\" content=\"Est. reading time\" \/>\n\t<meta name=\"twitter:data1\" content=\"7 minutes\" \/>\n<!-- \/ Yoast SEO plugin. -->","yoast_head_json":{"title":"Boston Gear | GCM A\/S - Gearcentralen.dk","description":"GCM A\/S is the distributor for Boston Gear, which offers one of the industry's most comprehensive product ranges within gear and transmission components.","robots":{"index":"index","follow":"follow","max-snippet":"max-snippet:-1","max-image-preview":"max-image-preview:large","max-video-preview":"max-video-preview:-1"},"canonical":"https:\/\/gearcentralen.dk\/en\/suppliers\/boston-gear\/","og_locale":"en_US","og_type":"article","og_title":"Boston Gear | GCM A\/S - Gearcentralen.dk","og_description":"GCM A\/S is the distributor for Boston Gear, which offers one of the industry's most comprehensive product ranges within gear and transmission components.","og_url":"https:\/\/gearcentralen.dk\/en\/suppliers\/boston-gear\/","og_site_name":"GCM","article_publisher":"https:\/\/www.facebook.com\/GCMGearcentralenMicmotor","article_modified_time":"2023-11-06T14:16:46+00:00","og_image":[{"width":600,"height":400,"url":"https:\/\/gearcentralen.dk\/wp-content\/uploads\/2021\/09\/Udvikling_3.png","type":"image\/png"}],"twitter_card":"summary_large_image","twitter_misc":{"Est. reading time":"7 minutes"},"schema":{"@context":"https:\/\/schema.org","@graph":[{"@type":"WebPage","@id":"https:\/\/gearcentralen.dk\/en\/suppliers\/boston-gear\/","url":"https:\/\/gearcentralen.dk\/en\/suppliers\/boston-gear\/","name":"Boston Gear | GCM A\/S - Gearcentralen.dk","isPartOf":{"@id":"https:\/\/gearcentralen.dk\/en\/#website"},"datePublished":"2020-09-08T07:21:22+00:00","dateModified":"2023-11-06T14:16:46+00:00","description":"GCM A\/S is the distributor for Boston Gear, which offers one of the industry's most comprehensive product ranges within gear and transmission components.","breadcrumb":{"@id":"https:\/\/gearcentralen.dk\/en\/suppliers\/boston-gear\/#breadcrumb"},"inLanguage":"en-US","potentialAction":[{"@type":"ReadAction","target":["https:\/\/gearcentralen.dk\/en\/suppliers\/boston-gear\/"]}]},{"@type":"BreadcrumbList","@id":"https:\/\/gearcentralen.dk\/en\/suppliers\/boston-gear\/#breadcrumb","itemListElement":[{"@type":"ListItem","position":1,"name":"FORSIDE","item":"https:\/\/gearcentralen.dk\/en\/"},{"@type":"ListItem","position":2,"name":"SUPPLIERS","item":"https:\/\/gearcentralen.dk\/en\/agenturer\/"},{"@type":"ListItem","position":3,"name":"Boston Gear"}]},{"@type":"WebSite","@id":"https:\/\/gearcentralen.dk\/en\/#website","url":"https:\/\/gearcentralen.dk\/en\/","name":"GCM A\/S","description":"Ekspert i elmotorer, gear og motorstyringer","publisher":{"@id":"https:\/\/gearcentralen.dk\/en\/#organization"},"alternateName":"GCM","potentialAction":[{"@type":"SearchAction","target":{"@type":"EntryPoint","urlTemplate":"https:\/\/gearcentralen.dk\/en\/?s={search_term_string}"},"query-input":{"@type":"PropertyValueSpecification","valueRequired":true,"valueName":"search_term_string"}}],"inLanguage":"en-US"},{"@type":"Organization","@id":"https:\/\/gearcentralen.dk\/en\/#organization","name":"GCM A\/S","alternateName":"GCM","url":"https:\/\/gearcentralen.dk\/en\/","logo":{"@type":"ImageObject","inLanguage":"en-US","@id":"https:\/\/gearcentralen.dk\/en\/#\/schema\/logo\/image\/","url":"https:\/\/gearcentralen.dk\/wp-content\/uploads\/2022\/05\/GCM-Logo-2022_72dpi.png","contentUrl":"https:\/\/gearcentralen.dk\/wp-content\/uploads\/2022\/05\/GCM-Logo-2022_72dpi.png","width":731,"height":592,"caption":"GCM A\/S"},"image":{"@id":"https:\/\/gearcentralen.dk\/en\/#\/schema\/logo\/image\/"},"sameAs":["https:\/\/www.facebook.com\/GCMGearcentralenMicmotor","https:\/\/www.linkedin.com\/company\/gearcentralen\/"]}]}},"_links":{"self":[{"href":"https:\/\/gearcentralen.dk\/en\/wp-json\/wp\/v2\/pages\/10891","targetHints":{"allow":["GET"]}}],"collection":[{"href":"https:\/\/gearcentralen.dk\/en\/wp-json\/wp\/v2\/pages"}],"about":[{"href":"https:\/\/gearcentralen.dk\/en\/wp-json\/wp\/v2\/types\/page"}],"author":[{"embeddable":true,"href":"https:\/\/gearcentralen.dk\/en\/wp-json\/wp\/v2\/users\/1"}],"replies":[{"embeddable":true,"href":"https:\/\/gearcentralen.dk\/en\/wp-json\/wp\/v2\/comments?post=10891"}],"version-history":[{"count":0,"href":"https:\/\/gearcentralen.dk\/en\/wp-json\/wp\/v2\/pages\/10891\/revisions"}],"up":[{"embeddable":true,"href":"https:\/\/gearcentralen.dk\/en\/wp-json\/wp\/v2\/pages\/10713"}],"wp:attachment":[{"href":"https:\/\/gearcentralen.dk\/en\/wp-json\/wp\/v2\/media?parent=10891"}],"curies":[{"name":"wp","href":"https:\/\/api.w.org\/{rel}","templated":true}]}}